{"id":2037,"date":"2023-08-15T20:20:42","date_gmt":"2023-08-15T20:20:42","guid":{"rendered":"https:\/\/mezcalizaga.com\/?page_id=2037"},"modified":"2023-08-24T22:31:12","modified_gmt":"2023-08-24T22:31:12","slug":"carrito","status":"publish","type":"page","link":"https:\/\/www.mezcalizaga.com\/en\/carrito\/","title":{"rendered":"Trolley"},"content":{"rendered":"<div data-elementor-type=\"wp-page\" data-elementor-id=\"2037\" class=\"elementor elementor-2037\" data-elementor-post-type=\"page\">\n\t\t\t\t\t\t\t\t\t<section class=\"elementor-section elementor-top-section elementor-element elementor-element-31494e9 elementor-section-boxed elementor-section-height-default elementor-section-height-default\" data-id=\"31494e9\" data-element_type=\"section\">\n\t\t\t\t\t\t<div class=\"elementor-container elementor-column-gap-default\">\n\t\t\t\t\t<div class=\"elementor-column elementor-col-100 elementor-top-column elementor-element elementor-element-c9d8103\" data-id=\"c9d8103\" data-element_type=\"column\">\n\t\t\t<div class=\"elementor-widget-wrap elementor-element-populated\">\n\t\t\t\t\t\t\t\t<section class=\"elementor-section elementor-inner-section elementor-element elementor-element-0b4dc1e elementor-section-boxed elementor-section-height-default elementor-section-height-default\" data-id=\"0b4dc1e\" data-element_type=\"section\">\n\t\t\t\t\t\t<div class=\"elementor-container elementor-column-gap-default\">\n\t\t\t\t\t<div class=\"elementor-column elementor-col-50 elementor-inner-column elementor-element elementor-element-e4152e4\" data-id=\"e4152e4\" data-element_type=\"column\">\n\t\t\t<div class=\"elementor-widget-wrap\">\n\t\t\t\t\t\t\t\t\t<\/div>\n\t\t<\/div>\n\t\t\t\t<div class=\"elementor-column elementor-col-50 elementor-inner-column elementor-element elementor-element-3f377f8\" data-id=\"3f377f8\" data-element_type=\"column\">\n\t\t\t<div class=\"elementor-widget-wrap elementor-element-populated\">\n\t\t\t\t\t\t\t\t<div class=\"elementor-element elementor-element-41ffc71 elementor-widget elementor-widget-text-editor\" data-id=\"41ffc71\" data-element_type=\"widget\" data-widget_type=\"text-editor.default\">\n\t\t\t\t<div class=\"elementor-widget-container\">\n\t\t\t\t\t\t\t<p style=\"text-align: right;\"><a href=\"https:\/\/mezcalizaga.com\/tienda\/\">Return to the store<\/a><\/p>\t\t\t\t\t\t<\/div>\n\t\t\t\t<\/div>\n\t\t\t\t\t<\/div>\n\t\t<\/div>\n\t\t\t\t\t\t\t<\/div>\n\t\t<\/section>\n\t\t\t\t\t<\/div>\n\t\t<\/div>\n\t\t\t\t\t\t\t<\/div>\n\t\t<\/section>\n\t\t\t\t<section class=\"elementor-section elementor-top-section elementor-element elementor-element-155a226 elementor-section-boxed elementor-section-height-default elementor-section-height-default\" data-id=\"155a226\" data-element_type=\"section\">\n\t\t\t\t\t\t<div class=\"elementor-container elementor-column-gap-default\">\n\t\t\t\t\t<div class=\"elementor-column elementor-col-100 elementor-top-column elementor-element elementor-element-f95501f\" data-id=\"f95501f\" data-element_type=\"column\">\n\t\t\t<div class=\"elementor-widget-wrap elementor-element-populated\">\n\t\t\t\t\t\t\t\t<div class=\"elementor-element elementor-element-6598280 elementor-widget elementor-widget-heading\" data-id=\"6598280\" data-element_type=\"widget\" data-widget_type=\"heading.default\">\n\t\t\t\t<div class=\"elementor-widget-container\">\n\t\t\t<h2 class=\"elementor-heading-title elementor-size-default\">Trolley<\/h2>\t\t<\/div>\n\t\t\t\t<\/div>\n\t\t\t\t\t<\/div>\n\t\t<\/div>\n\t\t\t\t\t\t\t<\/div>\n\t\t<\/section>\n\t\t\t\t<section class=\"elementor-section elementor-top-section elementor-element elementor-element-fb2cc4f elementor-section-boxed elementor-section-height-default elementor-section-height-default\" data-id=\"fb2cc4f\" data-element_type=\"section\">\n\t\t\t\t\t\t<div class=\"elementor-container elementor-column-gap-default\">\n\t\t\t\t\t<div class=\"elementor-column elementor-col-100 elementor-top-column elementor-element elementor-element-75c7188\" data-id=\"75c7188\" data-element_type=\"column\">\n\t\t\t<div class=\"elementor-widget-wrap elementor-element-populated\">\n\t\t\t\t\t\t\t\t\t<\/div>\n\t\t<\/div>\n\t\t\t\t\t\t\t<\/div>\n\t\t<\/section>\n\t\t\t\t\t\t\t<\/div>","protected":false},"excerpt":{"rendered":"<p>Volver a la Tienda Carrito Eliminar art\u00edculo Imagen en miniatura Producto Precio Cantidad Subtotal &times; Mezcal Espad\u00edn &#36;920.00 Mezcal Espad\u00edn cantidad &#36;920.00 Actualizar Carrito Aplicar coupon Total Subtotal &#36;920.00 Env\u00edo Precio fijo: &#36;370.00 Enviar a Bruno Traven 60, 103A, Col. General Anaya, Ciudad de Mexico, Ciudad de M\u00e9xico, 03340. Cambiar direcci\u00f3n Pa\u00eds \/ regi\u00f3n: Selecciona [&hellip;]<\/p>","protected":false},"author":2,"featured_media":0,"parent":0,"menu_order":0,"comment_status":"closed","ping_status":"closed","template":"elementor_header_footer","meta":{"footnotes":""},"class_list":["post-2037","page","type-page","status-publish","hentry"],"jetpack_sharing_enabled":true,"_links":{"self":[{"href":"https:\/\/www.mezcalizaga.com\/en\/wp-json\/wp\/v2\/pages\/2037","targetHints":{"allow":["GET"]}}],"collection":[{"href":"https:\/\/www.mezcalizaga.com\/en\/wp-json\/wp\/v2\/pages"}],"about":[{"href":"https:\/\/www.mezcalizaga.com\/en\/wp-json\/wp\/v2\/types\/page"}],"author":[{"embeddable":true,"href":"https:\/\/www.mezcalizaga.com\/en\/wp-json\/wp\/v2\/users\/2"}],"replies":[{"embeddable":true,"href":"https:\/\/www.mezcalizaga.com\/en\/wp-json\/wp\/v2\/comments?post=2037"}],"version-history":[{"count":19,"href":"https:\/\/www.mezcalizaga.com\/en\/wp-json\/wp\/v2\/pages\/2037\/revisions"}],"predecessor-version":[{"id":2208,"href":"https:\/\/www.mezcalizaga.com\/en\/wp-json\/wp\/v2\/pages\/2037\/revisions\/2208"}],"wp:attachment":[{"href":"https:\/\/www.mezcalizaga.com\/en\/wp-json\/wp\/v2\/media?parent=2037"}],"curies":[{"name":"wp","href":"https:\/\/api.w.org\/{rel}","templated":true}]}}