{"id":1869,"date":"2023-08-10T13:17:06","date_gmt":"2023-08-10T13:17:06","guid":{"rendered":"http:\/\/mezcalizaga.com\/?post_type=product&#038;p=1869"},"modified":"2026-02-09T22:50:38","modified_gmt":"2026-02-09T22:50:38","slug":"mezcal-espadin","status":"publish","type":"product","link":"https:\/\/www.mezcalizaga.com\/es_mx\/producto\/mezcal-espadin\/","title":{"rendered":"Mezcal Espad\u00edn"},"content":{"rendered":"\t\t<div data-elementor-type=\"product-post\" data-elementor-id=\"1869\" class=\"elementor elementor-1869\" data-elementor-post-type=\"product\">\n\t\t\t\t\t\t\t\t\t<section class=\"elementor-section elementor-top-section elementor-element elementor-element-1e5e516c elementor-section-boxed elementor-section-height-default elementor-section-height-default\" data-id=\"1e5e516c\" data-element_type=\"section\">\n\t\t\t\t\t\t<div class=\"elementor-container elementor-column-gap-default\">\n\t\t\t\t\t<div class=\"elementor-column elementor-col-100 elementor-top-column elementor-element elementor-element-2051e4c0\" data-id=\"2051e4c0\" data-element_type=\"column\">\n\t\t\t<div class=\"elementor-widget-wrap elementor-element-populated\">\n\t\t\t\t\t\t\t\t<div class=\"elementor-element elementor-element-330cfdbd elementor-widget elementor-widget-text-editor\" data-id=\"330cfdbd\" data-element_type=\"widget\" data-widget_type=\"text-editor.default\">\n\t\t\t\t<div class=\"elementor-widget-container\">\n\t\t\t\t\t\t\t<p>Mezcal Espad\u00edn 100% artesanal. Mezcal joven.<\/p><p>Categor\u00eda:\u00a0Mezcal Artesanal<br \/>Maguey:\u00a0Espad\u00edn (Agave angustifolia)<br \/>Edad de maduraci\u00f3n:\u00a08 a\u00f1os<br \/>Tipo:\u00a0Joven<br \/>Graduaci\u00f3n Alcoh\u00f3lica:\u00a045\u00b0<br \/>Estado:\u00a0Oaxaca<br \/>Regi\u00f3n:\u00a0Santiago Matatlan<br \/>Molienda:\u00a0Tahona de piedra<br \/>Destilaci\u00f3n:\u00a0Doble en alambique de cobre<br \/>Fermentaci\u00f3n:\u00a0Tinas de maderas finas<br \/>Horno:\u00a0C\u00f3nico de Tierra<\/p><hr \/><p>\u00a0<\/p>\t\t\t\t\t\t<\/div>\n\t\t\t\t<\/div>\n\t\t\t\t\t<\/div>\n\t\t<\/div>\n\t\t\t\t\t\t\t<\/div>\n\t\t<\/section>\n\t\t\t\t<section class=\"elementor-section elementor-top-section elementor-element elementor-element-e0d58aa elementor-section-boxed elementor-section-height-default elementor-section-height-default\" data-id=\"e0d58aa\" data-element_type=\"section\">\n\t\t\t\t\t\t<div class=\"elementor-container elementor-column-gap-default\">\n\t\t\t\t\t<div class=\"elementor-column elementor-col-100 elementor-top-column elementor-element elementor-element-ededa42\" data-id=\"ededa42\" data-element_type=\"column\">\n\t\t\t<div class=\"elementor-widget-wrap elementor-element-populated\">\n\t\t\t\t\t\t\t\t<section class=\"elementor-section elementor-inner-section elementor-element elementor-element-29d6944 elementor-section-boxed elementor-section-height-default elementor-section-height-default\" data-id=\"29d6944\" data-element_type=\"section\">\n\t\t\t\t\t\t<div class=\"elementor-container elementor-column-gap-default\">\n\t\t\t\t\t<div class=\"elementor-column elementor-col-33 elementor-inner-column elementor-element elementor-element-aa5c06d\" data-id=\"aa5c06d\" data-element_type=\"column\">\n\t\t\t<div class=\"elementor-widget-wrap elementor-element-populated\">\n\t\t\t\t\t\t\t\t<div class=\"elementor-element elementor-element-6d0ea5d elementor-widget elementor-widget-text-editor\" data-id=\"6d0ea5d\" data-element_type=\"widget\" data-widget_type=\"text-editor.default\">\n\t\t\t\t<div class=\"elementor-widget-container\">\n\t\t\t\t\t\t\t<p><img decoding=\"async\" class=\"alignnone wp-image-1925\" src=\"https:\/\/mezcalizaga.com\/wp-content\/uploads\/2023\/08\/icon-taste-gray.png\" alt=\"\" width=\"50\" height=\"50\" \/><\/p><p><b>Gusto<\/b><\/p><p>Suaves y balanceadas notas de vainilla de un entorno de elaboraci\u00f3n artesanal. Sabores predominantes de pi\u00f1a cocida, miel de agave y frutos secos garapi\u00f1ados. Un final sutil y elegante.<\/p>\t\t\t\t\t\t<\/div>\n\t\t\t\t<\/div>\n\t\t\t\t\t<\/div>\n\t\t<\/div>\n\t\t\t\t<div class=\"elementor-column elementor-col-33 elementor-inner-column elementor-element elementor-element-be999af\" data-id=\"be999af\" data-element_type=\"column\">\n\t\t\t<div class=\"elementor-widget-wrap elementor-element-populated\">\n\t\t\t\t\t\t\t\t<div class=\"elementor-element elementor-element-3847bbd elementor-widget elementor-widget-text-editor\" data-id=\"3847bbd\" data-element_type=\"widget\" data-widget_type=\"text-editor.default\">\n\t\t\t\t<div class=\"elementor-widget-container\">\n\t\t\t\t\t\t\t<p><img decoding=\"async\" class=\"alignnone wp-image-1926\" src=\"https:\/\/mezcalizaga.com\/wp-content\/uploads\/2023\/08\/icon-smell-gray.png\" alt=\"\" width=\"50\" height=\"50\" \/><\/p><p><b>Aroma<\/b><\/p><p>Se perciben aromas de fruta fresca y agave caramelizado. Los aromas secundarios son de un\u00a0ahumado medio de mezquite y ligeros tonos\u00a0herbales. Los aromas terciarios son de la cocci\u00f3n y de la tierra\u00a0propia de la regi\u00f3n.<\/p>\t\t\t\t\t\t<\/div>\n\t\t\t\t<\/div>\n\t\t\t\t\t<\/div>\n\t\t<\/div>\n\t\t\t\t<div class=\"elementor-column elementor-col-33 elementor-inner-column elementor-element elementor-element-157b332\" data-id=\"157b332\" data-element_type=\"column\">\n\t\t\t<div class=\"elementor-widget-wrap elementor-element-populated\">\n\t\t\t\t\t\t\t\t<div class=\"elementor-element elementor-element-6a529e8 elementor-widget elementor-widget-text-editor\" data-id=\"6a529e8\" data-element_type=\"widget\" data-widget_type=\"text-editor.default\">\n\t\t\t\t<div class=\"elementor-widget-container\">\n\t\t\t\t\t\t\t<p><img decoding=\"async\" class=\"alignnone wp-image-1927\" src=\"https:\/\/mezcalizaga.com\/wp-content\/uploads\/2023\/08\/icon-sight-gray.png\" alt=\"\" width=\"50\" height=\"50\" \/><\/p><p><b>Vista<\/b><\/p><p>Se percibe con una densidad de cuerpo suave y apariencia cristalina que se puede constatar a trav\u00e9s del lagrimeo en cristal y burbujas caracter\u00edsticas de un buen y aut\u00e9ntico mezcal.<\/p>\t\t\t\t\t\t<\/div>\n\t\t\t\t<\/div>\n\t\t\t\t\t<\/div>\n\t\t<\/div>\n\t\t\t\t\t\t\t<\/div>\n\t\t<\/section>\n\t\t\t\t\t<\/div>\n\t\t<\/div>\n\t\t\t\t\t\t\t<\/div>\n\t\t<\/section>\n\t\t\t\t\t\t\t<\/div>\n\t\t","protected":false},"excerpt":{"rendered":"<div class=\"elementor-element elementor-element-11010a5f elementor-widget elementor-widget-heading animated fadeInUp\" data-id=\"11010a5f\" data-element_type=\"widget\" data-settings=\"{&quot;_animation&quot;:&quot;fadeInUp&quot;}\" data-widget_type=\"heading.default\">\n<div class=\"elementor-widget-container\">\n<p class=\"elementor-heading-title elementor-size-medium\">Mezcal Espad\u00edn 100% artesanal. Mezcal joven.<\/p>\n<\/div>\n<\/div>\n","protected":false},"featured_media":1856,"comment_status":"open","ping_status":"closed","template":"","meta":[],"product_cat":[21],"product_tag":[],"class_list":["post-1869","product","type-product","status-publish","has-post-thumbnail","hentry","product_cat-mezcales"],"jetpack_sharing_enabled":true,"_links":{"self":[{"href":"https:\/\/www.mezcalizaga.com\/es_mx\/wp-json\/wp\/v2\/product\/1869","targetHints":{"allow":["GET"]}}],"collection":[{"href":"https:\/\/www.mezcalizaga.com\/es_mx\/wp-json\/wp\/v2\/product"}],"about":[{"href":"https:\/\/www.mezcalizaga.com\/es_mx\/wp-json\/wp\/v2\/types\/product"}],"replies":[{"embeddable":true,"href":"https:\/\/www.mezcalizaga.com\/es_mx\/wp-json\/wp\/v2\/comments?post=1869"}],"version-history":[{"count":14,"href":"https:\/\/www.mezcalizaga.com\/es_mx\/wp-json\/wp\/v2\/product\/1869\/revisions"}],"predecessor-version":[{"id":1989,"href":"https:\/\/www.mezcalizaga.com\/es_mx\/wp-json\/wp\/v2\/product\/1869\/revisions\/1989"}],"wp:featuredmedia":[{"embeddable":true,"href":"https:\/\/www.mezcalizaga.com\/es_mx\/wp-json\/wp\/v2\/media\/1856"}],"wp:attachment":[{"href":"https:\/\/www.mezcalizaga.com\/es_mx\/wp-json\/wp\/v2\/media?parent=1869"}],"wp:term":[{"taxonomy":"product_cat","embeddable":true,"href":"https:\/\/www.mezcalizaga.com\/es_mx\/wp-json\/wp\/v2\/product_cat?post=1869"},{"taxonomy":"product_tag","embeddable":true,"href":"https:\/\/www.mezcalizaga.com\/es_mx\/wp-json\/wp\/v2\/product_tag?post=1869"}],"curies":[{"name":"wp","href":"https:\/\/api.w.org\/{rel}","templated":true}]}}